{"id":2,"date":"2026-03-07T21:53:17","date_gmt":"2026-03-07T21:53:17","guid":{"rendered":"https:\/\/radiovertical.ro\/?page_id=2"},"modified":"2026-04-12T09:26:28","modified_gmt":"2026-04-12T07:26:28","slug":"sample-page","status":"publish","type":"page","link":"https:\/\/radiovertical.ro\/?page_id=2","title":{"rendered":"Despre noi"},"content":{"rendered":"\n<p> RADIO VERTICAL <\/p>\n\n\n\n<blockquote class=\"wp-block-quote is-layout-flow wp-block-quote-is-layout-flow\">\n<p> Hristos a \u00eenviat!\n\n\nBine v-am g\u0103sit.\nRadio Vertical emite din inima Transilvaniei din Cluj-Napoca. \n<\/p>\n<\/blockquote>\n\n\n\n\n\n<blockquote class=\"wp-block-quote is-layout-flow wp-block-quote-is-layout-flow\">\n<p>\u00cen cur\u00e2nd o nou\u0103 gril\u0103 de programe.\n\nEchipa radio\n\n Dan Adi\n\n Dan Liviu\n     <\/p>\n<\/blockquote>\n\n\n\n<p>As a new WordPress user, you should go to <a href=\"https:\/\/radiovertical.ro\/wp-admin\/\">your dashboard<\/a> to delete this page and create new pages for your content. Have fun!<\/p>\n\n\n\n<p><\/p>\n","protected":false},"excerpt":{"rendered":"<p>RADIO VERTICAL Hristos a \u00eenviat! Bine v-am g\u0103sit. Radio Vertical emite din inima Transilvaniei din Cluj-Napoca. \u00cen cur\u00e2nd o nou\u0103 gril\u0103 de programe. Echipa radio Dan Adi Dan Liviu As a new WordPress user, you should go to your dashboard to delete this page and create new pages for your content. Have fun!<\/p>\n","protected":false},"author":1,"featured_media":0,"parent":0,"menu_order":1,"comment_status":"closed","ping_status":"open","template":"","meta":{"footnotes":""},"class_list":["post-2","page","type-page","status-publish","hentry"],"_links":{"self":[{"href":"https:\/\/radiovertical.ro\/index.php?rest_route=\/wp\/v2\/pages\/2","targetHints":{"allow":["GET"]}}],"collection":[{"href":"https:\/\/radiovertical.ro\/index.php?rest_route=\/wp\/v2\/pages"}],"about":[{"href":"https:\/\/radiovertical.ro\/index.php?rest_route=\/wp\/v2\/types\/page"}],"author":[{"embeddable":true,"href":"https:\/\/radiovertical.ro\/index.php?rest_route=\/wp\/v2\/users\/1"}],"replies":[{"embeddable":true,"href":"https:\/\/radiovertical.ro\/index.php?rest_route=%2Fwp%2Fv2%2Fcomments&post=2"}],"version-history":[{"count":7,"href":"https:\/\/radiovertical.ro\/index.php?rest_route=\/wp\/v2\/pages\/2\/revisions"}],"predecessor-version":[{"id":65,"href":"https:\/\/radiovertical.ro\/index.php?rest_route=\/wp\/v2\/pages\/2\/revisions\/65"}],"wp:attachment":[{"href":"https:\/\/radiovertical.ro\/index.php?rest_route=%2Fwp%2Fv2%2Fmedia&parent=2"}],"curies":[{"name":"wp","href":"https:\/\/api.w.org\/{rel}","templated":true}]}}